{"id":52,"date":"2026-01-24T19:19:32","date_gmt":"2026-01-24T19:19:32","guid":{"rendered":"https:\/\/mediumvioletred-peafowl-205070.hostingersite.com\/home\/"},"modified":"2026-02-15T15:32:44","modified_gmt":"2026-02-15T15:32:44","slug":"home","status":"publish","type":"page","link":"https:\/\/annesophie-rose.com\/","title":{"rendered":"Accueil"},"content":{"rendered":"\t\t<div data-elementor-type=\"wp-page\" data-elementor-id=\"52\" class=\"elementor elementor-52\">\n\t\t\t\t<div class=\"elementor-element elementor-element-ddccf30 e-grid hostinger-ai-background-image e-con-boxed e-con e-parent\" data-id=\"ddccf30\" data-element_type=\"container\" data-e-type=\"container\" data-settings=\"{&quot;background_background&quot;:&quot;classic&quot;}\">\n\t\t\t\t\t<div class=\"e-con-inner\">\n\t\t<div class=\"elementor-element elementor-element-74068c0 e-con-full e-flex e-con e-child\" data-id=\"74068c0\" data-element_type=\"container\" data-e-type=\"container\">\n\t\t\t\t<div class=\"elementor-element elementor-element-2085031 hostinger-ai-title elementor-widget elementor-widget-heading\" data-id=\"2085031\" data-element_type=\"widget\" data-e-type=\"widget\" data-widget_type=\"heading.default\">\n\t\t\t\t\t<h1 class=\"elementor-heading-title elementor-size-default\">Retrouvez votre vitalit\u00e9 <\/h1>\t\t\t\t<\/div>\n\t\t\t\t<div class=\"elementor-element elementor-element-e636516 hostinger-ai-description elementor-widget elementor-widget-text-editor\" data-id=\"e636516\" data-element_type=\"widget\" data-e-type=\"widget\" data-widget_type=\"text-editor.default\">\n\t\t\t\t\t\t\t\t\t<p>Le coaching bien-\u00eatre qui lib\u00e8re les causes profondes d&rsquo;un trouble.<\/p>\t\t\t\t\t\t\t\t<\/div>\n\t\t\t\t<div class=\"elementor-element elementor-element-61ba7db hostinger-ai-cta-button hostinger-index-0 elementor-align-center elementor-widget elementor-widget-button\" data-id=\"61ba7db\" data-element_type=\"widget\" data-e-type=\"widget\" data-widget_type=\"button.default\">\n\t\t\t\t\t\t\t\t\t\t<a class=\"elementor-button elementor-button-link elementor-size-sm\" href=\"\/?page_id=53\">\n\t\t\t\t\t\t<span class=\"elementor-button-content-wrapper\">\n\t\t\t\t\t\t\t\t\t<span class=\"elementor-button-text\">En savoir plus<\/span>\n\t\t\t\t\t<\/span>\n\t\t\t\t\t<\/a>\n\t\t\t\t\t\t\t\t<\/div>\n\t\t\t\t<\/div>\n\t\t\t\t\t<\/div>\n\t\t\t\t<\/div>\n\t\t<div class=\"elementor-element elementor-element-16460f3 e-flex e-con-boxed e-con e-parent\" data-id=\"16460f3\" data-element_type=\"container\" data-e-type=\"container\" data-settings=\"{&quot;background_background&quot;:&quot;classic&quot;}\">\n\t\t\t\t\t<div class=\"e-con-inner\">\n\t\t<div class=\"elementor-element elementor-element-6fe9441 e-con-full e-flex e-con e-child\" data-id=\"6fe9441\" data-element_type=\"container\" data-e-type=\"container\">\n\t\t\t\t<div class=\"elementor-element elementor-element-d8cfda4 hostinger-ai-service-title elementor-widget elementor-widget-heading\" data-id=\"d8cfda4\" data-element_type=\"widget\" data-e-type=\"widget\" data-widget_type=\"heading.default\">\n\t\t\t\t\t<h2 class=\"elementor-heading-title elementor-size-default\">Approche holistique<\/h2>\t\t\t\t<\/div>\n\t\t\t\t<div class=\"elementor-element elementor-element-3bcc98f hostinger-ai-service-description elementor-widget elementor-widget-text-editor\" data-id=\"3bcc98f\" data-element_type=\"widget\" data-e-type=\"widget\" data-widget_type=\"text-editor.default\">\n\t\t\t\t\t\t\t\t\t<p>Soigner c&rsquo;est comprendre l&rsquo;origine d&rsquo;un trouble. C&rsquo;est ce principe essentiel qui anime mon approche. Mes accompagnement personnalis\u00e9s associent la sagesse des m\u00e9decines ancestrales \u00e0 des techniques modernes. Cette alliance unique permet d&rsquo;aider le corps \u00e0 se lib\u00e9rer de ce qui l&rsquo;entrave et \u00e0 r\u00e9veiller ses capacit\u00e9s naturelles de gu\u00e9rison.<\/p>\t\t\t\t\t\t\t\t<\/div>\n\t\t\t\t<\/div>\n\t\t\t\t\t<\/div>\n\t\t\t\t<\/div>\n\t\t<div class=\"elementor-element elementor-element-40901d4 e-grid hostinger-ai-our-services-3 e-con-boxed e-con e-parent\" data-id=\"40901d4\" data-element_type=\"container\" data-e-type=\"container\" data-settings=\"{&quot;background_background&quot;:&quot;classic&quot;}\">\n\t\t\t\t\t<div class=\"e-con-inner\">\n\t\t<div class=\"elementor-element elementor-element-9793990 e-con-full e-flex e-con e-child\" data-id=\"9793990\" data-element_type=\"container\" data-e-type=\"container\">\n\t\t<div class=\"elementor-element elementor-element-38aeb5a e-con-full e-flex e-con e-child\" data-id=\"38aeb5a\" data-element_type=\"container\" data-e-type=\"container\">\n\t\t\t\t<div class=\"elementor-element elementor-element-413aa67 hostinger-ai-service-title elementor-widget elementor-widget-heading\" data-id=\"413aa67\" data-element_type=\"widget\" data-e-type=\"widget\" data-widget_type=\"heading.default\">\n\t\t\t\t\t<h2 class=\"elementor-heading-title elementor-size-default\">A propos d'Anne-Sophie<\/h2>\t\t\t\t<\/div>\n\t\t\t\t<div class=\"elementor-element elementor-element-83b1a7f hostinger-ai-service-description elementor-widget elementor-widget-text-editor\" data-id=\"83b1a7f\" data-element_type=\"widget\" data-e-type=\"widget\" data-widget_type=\"text-editor.default\">\n\t\t\t\t\t\t\t\t\t<p>Depuis 7 ans je pratique avec une approche int\u00e9grative centr\u00e9e sur la personne. Dipl\u00f4m\u00e9e en m\u00e9decine orientale en Suisse, je poursuis des \u00e9tudes en m\u00e9decine allopathique afin d&rsquo;approfondir ma compr\u00e9hension du corps et des m\u00e9canismes de sant\u00e9.&nbsp;<\/p>\n<p><span style=\"text-align: var(--text-align); background-color: var( --e-global-color-5420d44 ); font-size: var(--wp--preset--font-size--medium);\">Aujourd&rsquo;hui, j&rsquo;accompagne mes clients et je transmets aussi cette approche \u00e0 travers l&rsquo;enseignement et des conf\u00e9rences. Mon objectif reste le m\u00eame : vous aider \u00e0 retrouver plus d&rsquo;\u00e9quilibre et de mieux-\u00eatre au quotidien.&nbsp;<\/span><span style=\"text-align: var(--text-align); font-size: var(--wp--preset--font-size--medium); background-color: var( --e-global-color-5420d44 );\">&nbsp;&nbsp;<\/span><br><\/p>\n<div style=\"caret-color: rgb(0, 0, 0); color: rgb(0, 0, 0);\">\n<article tabindex=\"-1\" dir=\"auto\" data-turn-id=\"request-WEB:b8dadc5a-4eb3-49a9-85e7-9a067d6d9fb5-11\" data-testid=\"conversation-turn-20\" data-scroll-anchor=\"true\" data-turn=\"assistant\">\n<div>\n<div tabindex=\"-1\">\n<div><\/div>\n<div>\n<div><\/div>\n<\/div>\n<\/div>\n<\/div>\n<\/article>\n<\/div>\t\t\t\t\t\t\t\t<\/div>\n\t\t\t\t<\/div>\n\t\t\t\t<\/div>\n\t\t\t\t<div class=\"elementor-element elementor-element-245f164 hostinger-ai-service-image hostinger-index-3 elementor-widget elementor-widget-image\" data-id=\"245f164\" data-element_type=\"widget\" data-e-type=\"widget\" data-widget_type=\"image.default\">\n\t\t\t\t\t\t\t\t\t\t\t\t\t\t\t<img fetchpriority=\"high\" decoding=\"async\" width=\"636\" height=\"455\" src=\"https:\/\/annesophie-rose.com\/wp-content\/uploads\/2026\/01\/Rose_coaching-1.png\" class=\"attachment-full size-full wp-image-95\" alt=\"\" srcset=\"https:\/\/annesophie-rose.com\/wp-content\/uploads\/2026\/01\/Rose_coaching-1.png 636w, https:\/\/annesophie-rose.com\/wp-content\/uploads\/2026\/01\/Rose_coaching-1-300x215.png 300w\" sizes=\"(max-width: 636px) 100vw, 636px\" \/>\t\t\t\t\t\t\t\t\t\t\t\t\t\t\t<\/div>\n\t\t\t\t\t<\/div>\n\t\t\t\t<\/div>\n\t\t<div class=\"elementor-element elementor-element-743aa5e e-flex e-con-boxed e-con e-parent\" data-id=\"743aa5e\" data-element_type=\"container\" data-e-type=\"container\" data-settings=\"{&quot;background_background&quot;:&quot;classic&quot;}\">\n\t\t\t\t\t<div class=\"e-con-inner\">\n\t\t<div class=\"elementor-element elementor-element-521fd38 e-con-full e-flex e-con e-child\" data-id=\"521fd38\" data-element_type=\"container\" data-e-type=\"container\">\n\t\t\t\t<div class=\"elementor-element elementor-element-1fb062c hostinger-ai-service-title elementor-widget elementor-widget-heading\" data-id=\"1fb062c\" data-element_type=\"widget\" data-e-type=\"widget\" data-widget_type=\"heading.default\">\n\t\t\t\t\t<h2 class=\"elementor-heading-title elementor-size-default\">Les accompagnements<\/h2>\t\t\t\t<\/div>\n\t\t<div class=\"elementor-element elementor-element-bd86c80 e-con-full e-grid e-con e-child\" data-id=\"bd86c80\" data-element_type=\"container\" data-e-type=\"container\">\n\t\t\t\t<div class=\"elementor-element elementor-element-8115026 elementor-widget elementor-widget-heading\" data-id=\"8115026\" data-element_type=\"widget\" data-e-type=\"widget\" data-widget_type=\"heading.default\">\n\t\t\t\t\t<h2 class=\"elementor-heading-title elementor-size-default\">Vitalit\u00e9<\/h2>\t\t\t\t<\/div>\n\t\t\t\t<div class=\"elementor-element elementor-element-3a8cc18 elementor-widget elementor-widget-heading\" data-id=\"3a8cc18\" data-element_type=\"widget\" data-e-type=\"widget\" data-widget_type=\"heading.default\">\n\t\t\t\t\t<h2 class=\"elementor-heading-title elementor-size-default\">Lib\u00e9ration des traumas<\/h2>\t\t\t\t<\/div>\n\t\t\t\t<div class=\"elementor-element elementor-element-8fb2d7b elementor-widget elementor-widget-heading\" data-id=\"8fb2d7b\" data-element_type=\"widget\" data-e-type=\"widget\" data-widget_type=\"heading.default\">\n\t\t\t\t\t<h2 class=\"elementor-heading-title elementor-size-default\">Coaching autour de votre projet<\/h2>\t\t\t\t<\/div>\n\t\t\t\t<div class=\"elementor-element elementor-element-df8851d elementor-widget elementor-widget-text-editor\" data-id=\"df8851d\" data-element_type=\"widget\" data-e-type=\"widget\" data-widget_type=\"text-editor.default\">\n\t\t\t\t\t\t\t\t\t<p><b>Rallumer votre \u00e9nergie int\u00e9rieure ! <\/b>Cet accompagnement aide \u00e0 retrouver une vitalit\u00e9 en recherchant et d\u00e9programmant les origines du troubles. Au-del\u00e0 des sympt\u00f4mes, nous identifions ce qui freine l&rsquo;\u00e9quilibre naturel du corps.<\/p>\t\t\t\t\t\t\t\t<\/div>\n\t\t\t\t<div class=\"elementor-element elementor-element-160a38f elementor-widget elementor-widget-text-editor\" data-id=\"160a38f\" data-element_type=\"widget\" data-e-type=\"widget\" data-widget_type=\"text-editor.default\">\n\t\t\t\t\t\t\t\t\t<p><b>Se<\/b> <b>lib\u00e9rer<\/b> <b>des<\/b> <b>m\u00e9moires<\/b> <b>qui<\/b> <b>entravent<\/b> <b>votre<\/b> <b>vie<\/b>. Apr\u00e8s des \u00e9preuves difficiles, il arrive que des blocages inconscients persistent. Gr\u00e2ce \u00e0 des techniques douces et efficaces, nous aidons votre corps \u00e0 dissoudre les blocages \u00e9motionnels pour avancer avec s\u00e9r\u00e9nit\u00e9.<\/p>\t\t\t\t\t\t\t\t<\/div>\n\t\t\t\t<div class=\"elementor-element elementor-element-894a8ea elementor-widget elementor-widget-text-editor\" data-id=\"894a8ea\" data-element_type=\"widget\" data-e-type=\"widget\" data-widget_type=\"text-editor.default\">\n\t\t\t\t\t\t\t\t\t<p><b>Lever les blocages invisibles pour avancer pleinement.<\/b> Parfois, ce n&rsquo;est pas le projet qui est source d&rsquo;\u00e9preuve mais c&rsquo;est ce qui se joue en arri\u00e8re-plan. Des peurs, des sch\u00e9mas ancestraux, des exp\u00e9riences pass\u00e9es peuvent \u00eatre \u00e0 l&rsquo;origine de blocages \u00e0 l&rsquo;\u00e9lan naturel.<\/p>\t\t\t\t\t\t\t\t<\/div>\n\t\t\t\t<\/div>\n\t\t\t\t<\/div>\n\t\t\t\t\t<\/div>\n\t\t\t\t<\/div>\n\t\t<div class=\"elementor-element elementor-element-2de889b e-flex e-con-boxed e-con e-parent\" data-id=\"2de889b\" data-element_type=\"container\" data-e-type=\"container\">\n\t\t\t\t\t<div class=\"e-con-inner\">\n\t\t\t\t<div class=\"elementor-element elementor-element-763d181 elementor-align-center elementor-widget elementor-widget-button\" data-id=\"763d181\" data-element_type=\"widget\" data-e-type=\"widget\" data-widget_type=\"button.default\">\n\t\t\t\t\t\t\t\t\t\t<a class=\"elementor-button elementor-button-link elementor-size-sm\" href=\"\/?page_id=53\">\n\t\t\t\t\t\t<span class=\"elementor-button-content-wrapper\">\n\t\t\t\t\t\t\t\t\t<span class=\"elementor-button-text\">En savoir plus<\/span>\n\t\t\t\t\t<\/span>\n\t\t\t\t\t<\/a>\n\t\t\t\t\t\t\t\t<\/div>\n\t\t\t\t\t<\/div>\n\t\t\t\t<\/div>\n\t\t\t\t<\/div>\n\t\t","protected":false},"excerpt":{"rendered":"<p>Retrouvez votre vitalit\u00e9 Le coaching bien-\u00eatre qui lib\u00e8re les causes profondes d&rsquo;un trouble. En savoir plus Approche holistique Soigner c&rsquo;est comprendre l&rsquo;origine d&rsquo;un trouble. C&rsquo;est ce principe essentiel qui anime mon approche. Mes accompagnement personnalis\u00e9s associent la sagesse des m\u00e9decines ancestrales \u00e0 des techniques modernes. Cette alliance unique permet d&rsquo;aider le corps \u00e0 se lib\u00e9rer [&hellip;]<\/p>\n","protected":false},"author":1,"featured_media":0,"parent":0,"menu_order":0,"comment_status":"closed","ping_status":"closed","template":"","meta":{"footnotes":""},"class_list":["post-52","page","type-page","status-publish","hentry"],"_hostinger_reach_plugin_has_subscription_block":false,"_hostinger_reach_plugin_is_elementor":false,"_links":{"self":[{"href":"https:\/\/annesophie-rose.com\/index.php?rest_route=\/wp\/v2\/pages\/52","targetHints":{"allow":["GET"]}}],"collection":[{"href":"https:\/\/annesophie-rose.com\/index.php?rest_route=\/wp\/v2\/pages"}],"about":[{"href":"https:\/\/annesophie-rose.com\/index.php?rest_route=\/wp\/v2\/types\/page"}],"author":[{"embeddable":true,"href":"https:\/\/annesophie-rose.com\/index.php?rest_route=\/wp\/v2\/users\/1"}],"replies":[{"embeddable":true,"href":"https:\/\/annesophie-rose.com\/index.php?rest_route=%2Fwp%2Fv2%2Fcomments&post=52"}],"version-history":[{"count":169,"href":"https:\/\/annesophie-rose.com\/index.php?rest_route=\/wp\/v2\/pages\/52\/revisions"}],"predecessor-version":[{"id":594,"href":"https:\/\/annesophie-rose.com\/index.php?rest_route=\/wp\/v2\/pages\/52\/revisions\/594"}],"wp:attachment":[{"href":"https:\/\/annesophie-rose.com\/index.php?rest_route=%2Fwp%2Fv2%2Fmedia&parent=52"}],"curies":[{"name":"wp","href":"https:\/\/api.w.org\/{rel}","templated":true}]}}