{"id":621,"date":"2026-02-15T16:12:13","date_gmt":"2026-02-15T16:12:13","guid":{"rendered":"https:\/\/annesophie-rose.com\/?page_id=621"},"modified":"2026-02-22T14:55:39","modified_gmt":"2026-02-22T14:55:39","slug":"accompagnement-trauma","status":"publish","type":"page","link":"https:\/\/annesophie-rose.com\/?page_id=621","title":{"rendered":"Accompagnement Trauma"},"content":{"rendered":"\t\t<div data-elementor-type=\"wp-page\" data-elementor-id=\"621\" class=\"elementor elementor-621\">\n\t\t\t\t<div class=\"elementor-element elementor-element-d5599a5 e-flex e-con-boxed e-con e-parent\" data-id=\"d5599a5\" data-element_type=\"container\" data-e-type=\"container\">\n\t\t\t\t\t<div class=\"e-con-inner\">\n\t\t\t\t<div class=\"elementor-element elementor-element-e1b958f elementor-widget elementor-widget-heading\" data-id=\"e1b958f\" data-element_type=\"widget\" data-e-type=\"widget\" data-widget_type=\"heading.default\">\n\t\t\t\t\t<h2 class=\"elementor-heading-title elementor-size-default\">Retrouver son \u00e9nergie et ton mieux-\u00eatre en allant chercher l\u2019origine du d\u00e9s\u00e9quilibre<\/h2>\t\t\t\t<\/div>\n\t\t\t\t\t<\/div>\n\t\t\t\t<\/div>\n\t\t<div class=\"elementor-element elementor-element-d6b5be9 e-flex e-con-boxed e-con e-parent\" data-id=\"d6b5be9\" data-element_type=\"container\" data-e-type=\"container\">\n\t\t\t\t\t<div class=\"e-con-inner\">\n\t\t<div class=\"elementor-element elementor-element-48fd7e0 e-con-full e-flex e-con e-child\" data-id=\"48fd7e0\" data-element_type=\"container\" data-e-type=\"container\">\n\t\t\t\t<div class=\"elementor-element elementor-element-75a3685 elementor-widget__width-initial elementor-widget elementor-widget-image\" data-id=\"75a3685\" data-element_type=\"widget\" data-e-type=\"widget\" data-widget_type=\"image.default\">\n\t\t\t\t\t\t\t\t\t\t\t\t\t\t\t<img decoding=\"async\" src=\"https:\/\/annesophie-rose.com\/wp-content\/uploads\/elementor\/thumbs\/0X1A3842-riiqydof20g0i1sbpumc7cpulgk05arcsrc33al8us.jpg\" title=\"0X1A3842\" alt=\"0X1A3842\" loading=\"lazy\" \/>\t\t\t\t\t\t\t\t\t\t\t\t\t\t\t<\/div>\n\t\t\t\t<\/div>\n\t\t<div class=\"elementor-element elementor-element-c7fe86c e-con-full e-flex e-con e-child\" data-id=\"c7fe86c\" data-element_type=\"container\" data-e-type=\"container\">\n\t\t\t\t<div class=\"elementor-element elementor-element-8572c67 elementor-widget elementor-widget-text-editor\" data-id=\"8572c67\" data-element_type=\"widget\" data-e-type=\"widget\" data-widget_type=\"text-editor.default\">\n\t\t\t\t\t\t\t\t\t<h2 data-start=\"57\" data-end=\"85\">\u00c0 qui s\u2019adresse cet accompagnement ?<\/h2><p data-start=\"300\" data-end=\"693\">Certaines exp\u00e9riences marquent profond\u00e9ment : deuil, agression, accident.<br data-start=\"407\" data-end=\"410\" \/>M\u00eame lorsque \u201cle temps passe\u201d, le corps et le syst\u00e8me nerveux peuvent rester en \u00e9tat d\u2019alerte. Cela peut se traduire par des blocages, des troubles de la sant\u00e9, des sch\u00e9mas qui se r\u00e9p\u00e8tent, ou une sensation de ne jamais vraiment revenir \u201ccomme avant\u201d.<\/p><p data-start=\"695\" data-end=\"870\">Cet accompagnement \u00e0 distance a \u00e9t\u00e9 con\u00e7u pour offrir un cadre s\u00fbr, structur\u00e9 et respectueux, afin de soutenir un processus de lib\u00e9ration.<\/p><p data-start=\"695\" data-end=\"870\">Derri\u00e8re la lib\u00e9ration, se r\u00e9v\u00e8le souvent un tr\u00e9sor : plus de paix, plus de v\u00e9rit\u00e9 sur son chemin personnel.<\/p>\t\t\t\t\t\t\t\t<\/div>\n\t\t\t\t<\/div>\n\t\t\t\t\t<\/div>\n\t\t\t\t<\/div>\n\t\t<div class=\"elementor-element elementor-element-78124f8 e-flex e-con-boxed e-con e-parent\" data-id=\"78124f8\" data-element_type=\"container\" data-e-type=\"container\">\n\t\t\t\t\t<div class=\"e-con-inner\">\n\t\t\t\t<div class=\"elementor-element elementor-element-1785f8e elementor-widget elementor-widget-text-editor\" data-id=\"1785f8e\" data-element_type=\"widget\" data-e-type=\"widget\" data-widget_type=\"text-editor.default\">\n\t\t\t\t\t\t\t\t\t<h2 style=\"caret-color: #000000; color: #000000;\" data-start=\"894\" data-end=\"920\">L&rsquo;objectif<\/h2><p style=\"caret-color: #000000; color: #000000;\" data-start=\"921\" data-end=\"1179\">L\u2019objectif est de vous aider \u00e0\u00a0<strong data-start=\"952\" data-end=\"967\">aller mieux<\/strong> en cessant de traiter uniquement la surface.<br data-start=\"1013\" data-end=\"1016\" \/>Dans cet accompagnement, nous recherchons les <strong data-start=\"1031\" data-end=\"1041\">causes du trouble. <\/strong>Nous activons les capacit\u00e9s naturelles du corps \u00e0 se r\u00e9g\u00e9n\u00e9rer, l\u00e0 o\u00f9 \u00e7a s\u2019est fig\u00e9. Progressivement, vous retrouvez <strong data-start=\"1120\" data-end=\"1178\">plus de vitalit\u00e9, de clart\u00e9 et de confort au quotidien<\/strong>.<\/p><h2 style=\"caret-color: #000000; color: #000000;\" data-start=\"394\" data-end=\"425\">L&rsquo;approche<\/h2><p style=\"caret-color: #000000; color: #000000;\" data-start=\"426\" data-end=\"542\">En 3 s\u00e9ances \u00e0 distance, je vous accompagne avec une approche inspir\u00e9e de la\u00a0<strong data-start=\"503\" data-end=\"535\">m\u00e9decine ancestrale chinoise<\/strong>\u00a0pour :<\/p><ul style=\"caret-color: #000000; color: #000000;\" data-start=\"543\" data-end=\"892\"><li data-start=\"543\" data-end=\"666\"><p data-start=\"545\" data-end=\"666\"><strong data-start=\"545\" data-end=\"569\">Identifier l\u2019origine<\/strong>\u00a0de votre d\u00e9s\u00e9quilibre (terrain, environnement, transg\u00e9n\u00e9rationnel, dysfonctionnements du corps).<\/p><\/li><li data-start=\"667\" data-end=\"752\"><p data-start=\"669\" data-end=\"752\"><strong data-start=\"669\" data-end=\"700\">Stimuler l\u2019\u00e9nergie du corps<\/strong>\u00a0et soutenir ses capacit\u00e9s naturelles de r\u00e9gulation.<\/p><\/li><li data-start=\"753\" data-end=\"892\"><p data-start=\"755\" data-end=\"892\">Vous donner des\u00a0<strong data-start=\"771\" data-end=\"805\">pistes claires et actionnables<\/strong>\u00a0pour avancer, en compl\u00e9ment d\u2019un suivi m\u00e9dical si vous en avez un (sans le remplacer).<\/p><\/li><\/ul><p><span style=\"font-family: var( --e-global-typography-text-font-family ), Sans-serif; background-color: var( --e-global-color-b5aeb33 ); text-align: var(--text-align); color: var(--wp--preset--color--color2); font-size: var(--wp--preset--font-size--medium);\">De l&rsquo;apaisement \u00e0 l&rsquo;\u00e9lan. Reprenez votre place pour cr\u00e9er la vie qui vous correspond le plus.<\/span><\/p><div class=\"flex flex-col text-sm pb-25\"><article class=\"text-token-text-primary w-full focus:outline-none [--shadow-height:45px] has-data-writing-block:pointer-events-none has-data-writing-block:-mt-(--shadow-height) has-data-writing-block:pt-(--shadow-height) [&amp;:has([data-writing-block])&gt;*]:pointer-events-auto scroll-mt-[calc(var(--header-height)+min(200px,max(70px,20svh)))]\" dir=\"auto\" tabindex=\"-1\" data-turn-id=\"request-6977ca6d-d3ac-8330-89a5-d7eb730fff60-3\" data-testid=\"conversation-turn-40\" data-scroll-anchor=\"true\" data-turn=\"assistant\"><div class=\"text-base my-auto mx-auto pb-10 [--thread-content-margin:--spacing(4)] @w-sm\/main:[--thread-content-margin:--spacing(6)] @w-lg\/main:[--thread-content-margin:--spacing(16)] px-(--thread-content-margin)\"><div class=\"[--thread-content-max-width:40rem] @w-lg\/main:[--thread-content-max-width:48rem] mx-auto max-w-(--thread-content-max-width) flex-1 group\/turn-messages focus-visible:outline-hidden relative flex w-full min-w-0 flex-col agent-turn\" tabindex=\"-1\"><div class=\"z-0 flex min-h-[46px] justify-start\">\u00a0<\/div><div class=\"mt-3 w-full empty:hidden\"><div class=\"text-center\">\u00a0<\/div><\/div><\/div><\/div><\/article><\/div>\t\t\t\t\t\t\t\t<\/div>\n\t\t\t\t<div class=\"elementor-element elementor-element-6cc27d9 elementor-widget elementor-widget-button\" data-id=\"6cc27d9\" data-element_type=\"widget\" data-e-type=\"widget\" data-widget_type=\"button.default\">\n\t\t\t\t\t\t\t\t\t\t<a class=\"elementor-button elementor-button-link elementor-size-sm\" href=\"https:\/\/buy.stripe.com\/28E8wI4569fi9Fj8JD0kE06\">\n\t\t\t\t\t\t<span class=\"elementor-button-content-wrapper\">\n\t\t\t\t\t\t\t\t\t<span class=\"elementor-button-text\">R\u00e9server un accompagnement<\/span>\n\t\t\t\t\t<\/span>\n\t\t\t\t\t<\/a>\n\t\t\t\t\t\t\t\t<\/div>\n\t\t\t\t\t<\/div>\n\t\t\t\t<\/div>\n\t\t\t\t<\/div>\n\t\t","protected":false},"excerpt":{"rendered":"<p>Retrouver son \u00e9nergie et ton mieux-\u00eatre en allant chercher l\u2019origine du d\u00e9s\u00e9quilibre \u00c0 qui s\u2019adresse cet accompagnement ? Certaines exp\u00e9riences marquent profond\u00e9ment : deuil, agression, accident.M\u00eame lorsque \u201cle temps passe\u201d, le corps et le syst\u00e8me nerveux peuvent rester en \u00e9tat d\u2019alerte. Cela peut se traduire par des blocages, des troubles de la sant\u00e9, des sch\u00e9mas [&hellip;]<\/p>\n","protected":false},"author":1,"featured_media":0,"parent":53,"menu_order":0,"comment_status":"closed","ping_status":"closed","template":"","meta":{"footnotes":""},"class_list":["post-621","page","type-page","status-publish","hentry"],"_hostinger_reach_plugin_has_subscription_block":false,"_hostinger_reach_plugin_is_elementor":false,"_links":{"self":[{"href":"https:\/\/annesophie-rose.com\/index.php?rest_route=\/wp\/v2\/pages\/621","targetHints":{"allow":["GET"]}}],"collection":[{"href":"https:\/\/annesophie-rose.com\/index.php?rest_route=\/wp\/v2\/pages"}],"about":[{"href":"https:\/\/annesophie-rose.com\/index.php?rest_route=\/wp\/v2\/types\/page"}],"author":[{"embeddable":true,"href":"https:\/\/annesophie-rose.com\/index.php?rest_route=\/wp\/v2\/users\/1"}],"replies":[{"embeddable":true,"href":"https:\/\/annesophie-rose.com\/index.php?rest_route=%2Fwp%2Fv2%2Fcomments&post=621"}],"version-history":[{"count":13,"href":"https:\/\/annesophie-rose.com\/index.php?rest_route=\/wp\/v2\/pages\/621\/revisions"}],"predecessor-version":[{"id":724,"href":"https:\/\/annesophie-rose.com\/index.php?rest_route=\/wp\/v2\/pages\/621\/revisions\/724"}],"up":[{"embeddable":true,"href":"https:\/\/annesophie-rose.com\/index.php?rest_route=\/wp\/v2\/pages\/53"}],"wp:attachment":[{"href":"https:\/\/annesophie-rose.com\/index.php?rest_route=%2Fwp%2Fv2%2Fmedia&parent=621"}],"curies":[{"name":"wp","href":"https:\/\/api.w.org\/{rel}","templated":true}]}}